{"id":1026,"date":"2022-04-30T12:14:20","date_gmt":"2022-04-30T12:14:20","guid":{"rendered":"https:\/\/classengroup.com\/?page_id=1026"},"modified":"2024-03-25T15:56:36","modified_gmt":"2024-03-25T13:56:36","slug":"warranty-conditions","status":"publish","type":"page","link":"https:\/\/classengroup.com\/en\/garantiebedingungen\/","title":{"rendered":"Warranty conditions"},"content":{"rendered":"<div data-elementor-type=\"wp-page\" data-elementor-id=\"1026\" class=\"elementor elementor-1026\" data-elementor-post-type=\"page\">\n\t\t\t\t\t\t<section class=\"elementor-section elementor-top-section elementor-element elementor-element-cedc495 elementor-section-boxed elementor-section-height-default elementor-section-height-default\" data-id=\"cedc495\" data-element_type=\"section\" data-e-type=\"section\" data-settings=\"{&quot;background_background&quot;:&quot;gradient&quot;}\">\n\t\t\t\t\t\t<div class=\"elementor-container elementor-column-gap-default\">\n\t\t\t\t\t<div class=\"elementor-column elementor-col-100 elementor-top-column elementor-element elementor-element-aab4a21\" data-id=\"aab4a21\" data-element_type=\"column\" data-e-type=\"column\">\n\t\t\t<div class=\"elementor-widget-wrap elementor-element-populated\">\n\t\t\t\t\t\t<div class=\"elementor-element elementor-element-059708c elementor-widget elementor-widget-heading\" data-id=\"059708c\" data-element_type=\"widget\" data-e-type=\"widget\" data-settings=\"{&quot;ekit_we_effect_on&quot;:&quot;none&quot;}\" data-widget_type=\"heading.default\">\n\t\t\t\t\t<h1 class=\"elementor-heading-title elementor-size-default\">Garantiebedingungen CLASSEN<\/h1>\t\t\t\t<\/div>\n\t\t\t\t\t<\/div>\n\t\t<\/div>\n\t\t\t\t\t<\/div>\n\t\t<\/section>\n\t\t\t\t<section class=\"elementor-section elementor-top-section elementor-element elementor-element-925f46a elementor-section-boxed elementor-section-height-default elementor-section-height-default\" data-id=\"925f46a\" data-element_type=\"section\" data-e-type=\"section\">\n\t\t\t\t\t\t<div class=\"elementor-container elementor-column-gap-default\">\n\t\t\t\t\t<div class=\"elementor-column elementor-col-100 elementor-top-column elementor-element elementor-element-3122acc\" data-id=\"3122acc\" data-element_type=\"column\" data-e-type=\"column\">\n\t\t\t<div class=\"elementor-widget-wrap elementor-element-populated\">\n\t\t\t\t\t\t<div class=\"elementor-element elementor-element-0626f74 elementor-align-center elementor-widget elementor-widget-breadcrumbs\" data-id=\"0626f74\" data-element_type=\"widget\" data-e-type=\"widget\" data-settings=\"{&quot;ekit_we_effect_on&quot;:&quot;none&quot;}\" data-widget_type=\"breadcrumbs.default\">\n\t\t\t\t\t<p id=\"breadcrumbs\"><span><span><a href=\"https:\/\/classengroup.com\/es\/\">Home<\/a><\/span><\/span><\/p>\t\t\t\t<\/div>\n\t\t\t\t\t<\/div>\n\t\t<\/div>\n\t\t\t\t\t<\/div>\n\t\t<\/section>\n\t\t\t\t<section class=\"elementor-section elementor-top-section elementor-element elementor-element-62e6cc3 elementor-section-boxed elementor-section-height-default elementor-section-height-default\" data-id=\"62e6cc3\" data-element_type=\"section\" data-e-type=\"section\">\n\t\t\t\t\t\t<div class=\"elementor-container elementor-column-gap-default\">\n\t\t\t\t\t<div class=\"elementor-column elementor-col-33 elementor-top-column elementor-element elementor-element-7fda411\" data-id=\"7fda411\" data-element_type=\"column\" data-e-type=\"column\">\n\t\t\t<div class=\"elementor-widget-wrap elementor-element-populated\">\n\t\t\t\t\t\t<div class=\"elementor-element elementor-element-22f3f88 elementor-align-justify elementor-widget elementor-widget-button\" data-id=\"22f3f88\" data-element_type=\"widget\" data-e-type=\"widget\" data-settings=\"{&quot;ekit_we_effect_on&quot;:&quot;none&quot;}\" data-widget_type=\"button.default\">\n\t\t\t\t\t\t\t\t\t\t<a class=\"elementor-button elementor-button-link elementor-size-sm elementor-animation-float\" href=\"https:\/\/classengroup.com\/en\/warranty-conditions-laminate\/\">\n\t\t\t\t\t\t<span class=\"elementor-button-content-wrapper\">\n\t\t\t\t\t\t<span class=\"elementor-button-icon\">\n\t\t\t\t<i aria-hidden=\"true\" class=\"icon icon-right-arrow\"><\/i>\t\t\t<\/span>\n\t\t\t\t\t\t\t\t\t<span class=\"elementor-button-text\">Warranty conditions for laminate flooring<\/span>\n\t\t\t\t\t<\/span>\n\t\t\t\t\t<\/a>\n\t\t\t\t\t\t\t\t<\/div>\n\t\t\t\t\t<\/div>\n\t\t<\/div>\n\t\t\t\t<div class=\"elementor-column elementor-col-33 elementor-top-column elementor-element elementor-element-6b71e24\" data-id=\"6b71e24\" data-element_type=\"column\" data-e-type=\"column\">\n\t\t\t<div class=\"elementor-widget-wrap elementor-element-populated\">\n\t\t\t\t\t\t<div class=\"elementor-element elementor-element-b672091 elementor-align-justify elementor-widget elementor-widget-button\" data-id=\"b672091\" data-element_type=\"widget\" data-e-type=\"widget\" data-settings=\"{&quot;ekit_we_effect_on&quot;:&quot;none&quot;}\" data-widget_type=\"button.default\">\n\t\t\t\t\t\t\t\t\t\t<a class=\"elementor-button elementor-button-link elementor-size-sm elementor-animation-float\" href=\"https:\/\/classengroup.com\/en\/warranty-conditions-for-uberwood-hydroclick\/\">\n\t\t\t\t\t\t<span class=\"elementor-button-content-wrapper\">\n\t\t\t\t\t\t<span class=\"elementor-button-icon\">\n\t\t\t\t<i aria-hidden=\"true\" class=\"icon icon-right-arrow\"><\/i>\t\t\t<\/span>\n\t\t\t\t\t\t\t\t\t<span class=\"elementor-button-text\">Warranty conditions for Uberwood \/ Hydroclick<\/span>\n\t\t\t\t\t<\/span>\n\t\t\t\t\t<\/a>\n\t\t\t\t\t\t\t\t<\/div>\n\t\t\t\t\t<\/div>\n\t\t<\/div>\n\t\t\t\t<div class=\"elementor-column elementor-col-33 elementor-top-column elementor-element elementor-element-a7f0317\" data-id=\"a7f0317\" data-element_type=\"column\" data-e-type=\"column\">\n\t\t\t<div class=\"elementor-widget-wrap elementor-element-populated\">\n\t\t\t\t\t\t<div class=\"elementor-element elementor-element-68dfe9c elementor-align-justify elementor-widget elementor-widget-button\" data-id=\"68dfe9c\" data-element_type=\"widget\" data-e-type=\"widget\" data-settings=\"{&quot;ekit_we_effect_on&quot;:&quot;none&quot;}\" data-widget_type=\"button.default\">\n\t\t\t\t\t\t\t\t\t\t<a class=\"elementor-button elementor-button-link elementor-size-sm elementor-animation-float\" href=\"https:\/\/classengroup.com\/en\/warranty-conditions-for-ceramin\/\">\n\t\t\t\t\t\t<span class=\"elementor-button-content-wrapper\">\n\t\t\t\t\t\t<span class=\"elementor-button-icon\">\n\t\t\t\t<i aria-hidden=\"true\" class=\"icon icon-right-arrow\"><\/i>\t\t\t<\/span>\n\t\t\t\t\t\t\t\t\t<span class=\"elementor-button-text\">Warranty conditions for CERAMIN-based wall and floor coverings<\/span>\n\t\t\t\t\t<\/span>\n\t\t\t\t\t<\/a>\n\t\t\t\t\t\t\t\t<\/div>\n\t\t\t\t\t<\/div>\n\t\t<\/div>\n\t\t\t\t\t<\/div>\n\t\t<\/section>\n\t\t\t\t<\/div>","protected":false},"excerpt":{"rendered":"<p>Garantiebedingungen CLASSEN Garantiebedingungen f\u00fcr Laminatb\u00f6den Garantiebedingungen f\u00fcr Uberwood \/ Hydroclick Garantiebedingungen f\u00fcr CERAMIN<\/p>","protected":false},"author":1,"featured_media":0,"parent":0,"menu_order":3,"comment_status":"closed","ping_status":"closed","template":"elementor_header_footer","meta":{"footnotes":""},"class_list":["post-1026","page","type-page","status-publish","hentry"],"yoast_head":"<!-- This site is optimized with the Yoast SEO plugin v27.4 - https:\/\/yoast.com\/product\/yoast-seo-wordpress\/ -->\n<title>Garantiebedingungen - CLASSEN Group<\/title>\n<meta name=\"robots\" content=\"index, follow, max-snippet:-1, max-image-preview:large, max-video-preview:-1\" \/>\n<link rel=\"canonical\" href=\"https:\/\/classengroup.com\/en\/warranty-conditions\/\" \/>\n<meta property=\"og:locale\" content=\"en_GB\" \/>\n<meta property=\"og:type\" content=\"article\" \/>\n<meta property=\"og:title\" content=\"Garantiebedingungen - CLASSEN Group\" \/>\n<meta property=\"og:description\" content=\"Garantiebedingungen CLASSEN Garantiebedingungen f\u00fcr Laminatb\u00f6den Garantiebedingungen f\u00fcr Uberwood \/ Hydroclick Garantiebedingungen f\u00fcr CERAMIN\" \/>\n<meta property=\"og:url\" content=\"https:\/\/classengroup.com\/en\/warranty-conditions\/\" \/>\n<meta property=\"og:site_name\" content=\"CLASSEN Group\" \/>\n<meta property=\"article:modified_time\" content=\"2024-03-25T13:56:36+00:00\" \/>\n<meta name=\"twitter:card\" content=\"summary_large_image\" \/>\n<meta name=\"twitter:label1\" content=\"Estimated reading time\" \/>\n\t<meta name=\"twitter:data1\" content=\"1 minute\" \/>\n<script type=\"application\/ld+json\" class=\"yoast-schema-graph\">{\"@context\":\"https:\\\/\\\/schema.org\",\"@graph\":[{\"@type\":\"WebPage\",\"@id\":\"https:\\\/\\\/classengroup.com\\\/garantiebedingungen\\\/\",\"url\":\"https:\\\/\\\/classengroup.com\\\/garantiebedingungen\\\/\",\"name\":\"Garantiebedingungen - CLASSEN Group\",\"isPartOf\":{\"@id\":\"https:\\\/\\\/classengroup.com\\\/#website\"},\"datePublished\":\"2022-04-30T12:14:20+00:00\",\"dateModified\":\"2024-03-25T13:56:36+00:00\",\"breadcrumb\":{\"@id\":\"https:\\\/\\\/classengroup.com\\\/garantiebedingungen\\\/#breadcrumb\"},\"inLanguage\":\"en-GB\",\"potentialAction\":[{\"@type\":\"ReadAction\",\"target\":[\"https:\\\/\\\/classengroup.com\\\/garantiebedingungen\\\/\"]}]},{\"@type\":\"BreadcrumbList\",\"@id\":\"https:\\\/\\\/classengroup.com\\\/garantiebedingungen\\\/#breadcrumb\",\"itemListElement\":[{\"@type\":\"ListItem\",\"position\":1,\"name\":\"Startseite\",\"item\":\"https:\\\/\\\/classengroup.com\\\/es\\\/\"},{\"@type\":\"ListItem\",\"position\":2,\"name\":\"Garantiebedingungen\"}]},{\"@type\":\"WebSite\",\"@id\":\"https:\\\/\\\/classengroup.com\\\/#website\",\"url\":\"https:\\\/\\\/classengroup.com\\\/\",\"name\":\"CLASSEN Group\",\"description\":\"Floors For A Better Tomorrow\",\"publisher\":{\"@id\":\"https:\\\/\\\/classengroup.com\\\/#organization\"},\"potentialAction\":[{\"@type\":\"SearchAction\",\"target\":{\"@type\":\"EntryPoint\",\"urlTemplate\":\"https:\\\/\\\/classengroup.com\\\/?s={search_term_string}\"},\"query-input\":{\"@type\":\"PropertyValueSpecification\",\"valueRequired\":true,\"valueName\":\"search_term_string\"}}],\"inLanguage\":\"en-GB\"},{\"@type\":\"Organization\",\"@id\":\"https:\\\/\\\/classengroup.com\\\/#organization\",\"name\":\"CLASSEN Group\",\"url\":\"https:\\\/\\\/classengroup.com\\\/\",\"logo\":{\"@type\":\"ImageObject\",\"inLanguage\":\"en-GB\",\"@id\":\"https:\\\/\\\/classengroup.com\\\/#\\\/schema\\\/logo\\\/image\\\/\",\"url\":\"https:\\\/\\\/classengroup.com\\\/wp-content\\\/uploads\\\/2022\\\/04\\\/CLASSEN-logo-2024-scaled.png\",\"contentUrl\":\"https:\\\/\\\/classengroup.com\\\/wp-content\\\/uploads\\\/2022\\\/04\\\/CLASSEN-logo-2024-scaled.png\",\"width\":2560,\"height\":442,\"caption\":\"CLASSEN Group\"},\"image\":{\"@id\":\"https:\\\/\\\/classengroup.com\\\/#\\\/schema\\\/logo\\\/image\\\/\"}}]}<\/script>\n<!-- \/ Yoast SEO plugin. -->","yoast_head_json":{"title":"Warranty conditions for Laminate Flooring - CLASSEN Group","robots":{"index":"index","follow":"follow","max-snippet":"max-snippet:-1","max-image-preview":"max-image-preview:large","max-video-preview":"max-video-preview:-1"},"canonical":"https:\/\/classengroup.com\/en\/warranty-conditions\/","og_locale":"en_GB","og_type":"article","og_title":"Garantiebedingungen - CLASSEN Group","og_description":"Garantiebedingungen CLASSEN Garantiebedingungen f\u00fcr Laminatb\u00f6den Garantiebedingungen f\u00fcr Uberwood \/ Hydroclick Garantiebedingungen f\u00fcr CERAMIN","og_url":"https:\/\/classengroup.com\/en\/warranty-conditions\/","og_site_name":"CLASSEN Group","article_modified_time":"2024-03-25T13:56:36+00:00","twitter_card":"summary_large_image","twitter_misc":{"Estimated reading time":"1 minute"},"schema":{"@context":"https:\/\/schema.org","@graph":[{"@type":"WebPage","@id":"https:\/\/classengroup.com\/garantiebedingungen\/","url":"https:\/\/classengroup.com\/garantiebedingungen\/","name":"Warranty conditions for Laminate Flooring - CLASSEN Group","isPartOf":{"@id":"https:\/\/classengroup.com\/#website"},"datePublished":"2022-04-30T12:14:20+00:00","dateModified":"2024-03-25T13:56:36+00:00","breadcrumb":{"@id":"https:\/\/classengroup.com\/garantiebedingungen\/#breadcrumb"},"inLanguage":"en-GB","potentialAction":[{"@type":"ReadAction","target":["https:\/\/classengroup.com\/garantiebedingungen\/"]}]},{"@type":"BreadcrumbList","@id":"https:\/\/classengroup.com\/garantiebedingungen\/#breadcrumb","itemListElement":[{"@type":"ListItem","position":1,"name":"Startseite","item":"https:\/\/classengroup.com\/es\/"},{"@type":"ListItem","position":2,"name":"Garantiebedingungen"}]},{"@type":"WebSite","@id":"https:\/\/classengroup.com\/#website","url":"https:\/\/classengroup.com\/","name":"CLASSEN Group","description":"Floors For A Better Tomorrow","publisher":{"@id":"https:\/\/classengroup.com\/#organization"},"potentialAction":[{"@type":"SearchAction","target":{"@type":"EntryPoint","urlTemplate":"https:\/\/classengroup.com\/?s={search_term_string}"},"query-input":{"@type":"PropertyValueSpecification","valueRequired":true,"valueName":"search_term_string"}}],"inLanguage":"en-GB"},{"@type":"Organization","@id":"https:\/\/classengroup.com\/#organization","name":"CLASSEN Group","url":"https:\/\/classengroup.com\/","logo":{"@type":"ImageObject","inLanguage":"en-GB","@id":"https:\/\/classengroup.com\/#\/schema\/logo\/image\/","url":"https:\/\/classengroup.com\/wp-content\/uploads\/2022\/04\/CLASSEN-logo-2024-scaled.png","contentUrl":"https:\/\/classengroup.com\/wp-content\/uploads\/2022\/04\/CLASSEN-logo-2024-scaled.png","width":2560,"height":442,"caption":"CLASSEN Group"},"image":{"@id":"https:\/\/classengroup.com\/#\/schema\/logo\/image\/"}}]}},"jetpack_sharing_enabled":true,"_links":{"self":[{"href":"https:\/\/classengroup.com\/en\/wp-json\/wp\/v2\/pages\/1026","targetHints":{"allow":["GET"]}}],"collection":[{"href":"https:\/\/classengroup.com\/en\/wp-json\/wp\/v2\/pages"}],"about":[{"href":"https:\/\/classengroup.com\/en\/wp-json\/wp\/v2\/types\/page"}],"author":[{"embeddable":true,"href":"https:\/\/classengroup.com\/en\/wp-json\/wp\/v2\/users\/1"}],"replies":[{"embeddable":true,"href":"https:\/\/classengroup.com\/en\/wp-json\/wp\/v2\/comments?post=1026"}],"version-history":[{"count":59,"href":"https:\/\/classengroup.com\/en\/wp-json\/wp\/v2\/pages\/1026\/revisions"}],"predecessor-version":[{"id":3593,"href":"https:\/\/classengroup.com\/en\/wp-json\/wp\/v2\/pages\/1026\/revisions\/3593"}],"wp:attachment":[{"href":"https:\/\/classengroup.com\/en\/wp-json\/wp\/v2\/media?parent=1026"}],"curies":[{"name":"wp","href":"https:\/\/api.w.org\/{rel}","templated":true}]}}